{"id":11,"date":"2026-04-09T15:52:29","date_gmt":"2026-04-09T15:52:29","guid":{"rendered":"https:\/\/jvrtelec.com.rkinformatika.online\/?page_id=11"},"modified":"2026-04-10T09:50:59","modified_gmt":"2026-04-10T09:50:59","slug":"servicios","status":"publish","type":"page","link":"https:\/\/josevicenterosellotaberner.es\/ca\/servicios\/","title":{"rendered":"Serveis"},"content":{"rendered":"<div data-elementor-type=\"wp-page\" data-elementor-id=\"11\" class=\"elementor elementor-11\" data-elementor-post-type=\"page\">\n\t\t\t\t<div class=\"elementor-element elementor-element-8e1cb91 e-flex e-con-boxed e-con e-parent\" data-id=\"8e1cb91\" data-element_type=\"container\" data-e-type=\"container\" data-settings=\"{&quot;background_background&quot;:&quot;classic&quot;}\">\n\t\t\t\t\t<div class=\"e-con-inner\">\n\t\t\t\t<div class=\"elementor-element elementor-element-c2d7f9e elementor-widget elementor-widget-spacer\" data-id=\"c2d7f9e\" data-element_type=\"widget\" data-e-type=\"widget\" data-widget_type=\"spacer.default\">\n\t\t\t\t\t\t\t<div class=\"elementor-spacer\">\n\t\t\t<div class=\"elementor-spacer-inner\"><\/div>\n\t\t<\/div>\n\t\t\t\t\t\t<\/div>\n\t\t\t\t<div class=\"elementor-element elementor-element-8a28a31 elementor-widget elementor-widget-heading\" data-id=\"8a28a31\" data-element_type=\"widget\" data-e-type=\"widget\" data-widget_type=\"heading.default\">\n\t\t\t\t\t<h2 class=\"elementor-heading-title elementor-size-default\">Nuestros servicios<\/h2>\t\t\t\t<\/div>\n\t\t\t\t<div class=\"elementor-element elementor-element-19127b7 elementor-widget elementor-widget-heading\" data-id=\"19127b7\" data-element_type=\"widget\" data-e-type=\"widget\" data-widget_type=\"heading.default\">\n\t\t\t\t\t<h2 class=\"elementor-heading-title elementor-size-default\">Instalaci\u00f3n el\u00e9ctrica - Reparaci\u00f3n el\u00e9ctrica - Porteros el\u00e9ctricos - Antenas de TV<\/h2>\t\t\t\t<\/div>\n\t\t\t\t\t<\/div>\n\t\t\t\t<\/div>\n\t\t<div class=\"elementor-element elementor-element-441b642 e-flex e-con-boxed e-con e-parent\" data-id=\"441b642\" data-element_type=\"container\" data-e-type=\"container\" data-settings=\"{&quot;background_background&quot;:&quot;gradient&quot;}\">\n\t\t\t\t\t<div class=\"e-con-inner\">\n\t\t<div class=\"elementor-element elementor-element-3290432 e-con-full e-flex e-con e-child\" data-id=\"3290432\" data-element_type=\"container\" data-e-type=\"container\">\n\t\t\t\t<div class=\"elementor-element elementor-element-3ad6f53 elementor-widget elementor-widget-heading\" data-id=\"3ad6f53\" data-element_type=\"widget\" data-e-type=\"widget\" data-widget_type=\"heading.default\">\n\t\t\t\t\t<h2 class=\"elementor-heading-title elementor-size-default\">Instalaci\u00f3n el\u00e9ctrica<\/h2>\t\t\t\t<\/div>\n\t\t\t\t<div class=\"elementor-element elementor-element-5f06a88 elementor-widget elementor-widget-image\" data-id=\"5f06a88\" data-element_type=\"widget\" data-e-type=\"widget\" data-widget_type=\"image.default\">\n\t\t\t\t\t\t\t\t\t\t\t\t\t\t\t<img fetchpriority=\"high\" decoding=\"async\" width=\"2000\" height=\"1333\" src=\"https:\/\/josevicenterosellotaberner.es\/wp-content\/uploads\/2026\/04\/15086.jpg\" class=\"attachment-full size-full wp-image-208\" alt=\"\" srcset=\"https:\/\/josevicenterosellotaberner.es\/wp-content\/uploads\/2026\/04\/15086.jpg 2000w, https:\/\/josevicenterosellotaberner.es\/wp-content\/uploads\/2026\/04\/15086-300x200.jpg 300w, https:\/\/josevicenterosellotaberner.es\/wp-content\/uploads\/2026\/04\/15086-1024x682.jpg 1024w, https:\/\/josevicenterosellotaberner.es\/wp-content\/uploads\/2026\/04\/15086-768x512.jpg 768w, https:\/\/josevicenterosellotaberner.es\/wp-content\/uploads\/2026\/04\/15086-1536x1024.jpg 1536w, https:\/\/josevicenterosellotaberner.es\/wp-content\/uploads\/2026\/04\/15086-18x12.jpg 18w\" sizes=\"(max-width: 2000px) 100vw, 2000px\" \/>\t\t\t\t\t\t\t\t\t\t\t\t\t\t\t<\/div>\n\t\t\t\t<div class=\"elementor-element elementor-element-b346239 elementor-widget elementor-widget-text-editor\" data-id=\"b346239\" data-element_type=\"widget\" data-e-type=\"widget\" data-widget_type=\"text-editor.default\">\n\t\t\t\t\t\t\t\t\t<p>Instalaci\u00f3n de sistemas el\u00e9ctricos en nuevas construcciones y renovaciones, garantizando eficiencia y seguridad.<\/p>\t\t\t\t\t\t\t\t<\/div>\n\t\t\t\t<\/div>\n\t\t<div class=\"elementor-element elementor-element-d143cf4 e-con-full e-flex e-con e-child\" data-id=\"d143cf4\" data-element_type=\"container\" data-e-type=\"container\">\n\t\t\t\t<div class=\"elementor-element elementor-element-a2a7690 elementor-widget elementor-widget-heading\" data-id=\"a2a7690\" data-element_type=\"widget\" data-e-type=\"widget\" data-widget_type=\"heading.default\">\n\t\t\t\t\t<h2 class=\"elementor-heading-title elementor-size-default\">Porteros el\u00e9ctricos<\/h2>\t\t\t\t<\/div>\n\t\t\t\t<div class=\"elementor-element elementor-element-9d24bea elementor-widget elementor-widget-image\" data-id=\"9d24bea\" data-element_type=\"widget\" data-e-type=\"widget\" data-widget_type=\"image.default\">\n\t\t\t\t\t\t\t\t\t\t\t\t\t\t\t<img decoding=\"async\" width=\"800\" height=\"533\" src=\"https:\/\/josevicenterosellotaberner.es\/wp-content\/uploads\/2026\/04\/16965-1024x682.jpg\" class=\"attachment-large size-large wp-image-210\" alt=\"\" srcset=\"https:\/\/josevicenterosellotaberner.es\/wp-content\/uploads\/2026\/04\/16965-1024x682.jpg 1024w, https:\/\/josevicenterosellotaberner.es\/wp-content\/uploads\/2026\/04\/16965-300x200.jpg 300w, https:\/\/josevicenterosellotaberner.es\/wp-content\/uploads\/2026\/04\/16965-768x512.jpg 768w, https:\/\/josevicenterosellotaberner.es\/wp-content\/uploads\/2026\/04\/16965-1536x1024.jpg 1536w, https:\/\/josevicenterosellotaberner.es\/wp-content\/uploads\/2026\/04\/16965-18x12.jpg 18w, https:\/\/josevicenterosellotaberner.es\/wp-content\/uploads\/2026\/04\/16965.jpg 2000w\" sizes=\"(max-width: 800px) 100vw, 800px\" \/>\t\t\t\t\t\t\t\t\t\t\t\t\t\t\t<\/div>\n\t\t\t\t<div class=\"elementor-element elementor-element-b6e4aff elementor-widget elementor-widget-text-editor\" data-id=\"b6e4aff\" data-element_type=\"widget\" data-e-type=\"widget\" data-widget_type=\"text-editor.default\">\n\t\t\t\t\t\t\t\t\t<p>Instalaci\u00f3n de porteros autom\u00e1ticos o videoporteros para facilitar la comunicaci\u00f3n y control de acceso.<\/p>\t\t\t\t\t\t\t\t<\/div>\n\t\t\t\t<\/div>\n\t\t<div class=\"elementor-element elementor-element-382fddb e-con-full e-flex e-con e-child\" data-id=\"382fddb\" data-element_type=\"container\" data-e-type=\"container\">\n\t\t\t\t<div class=\"elementor-element elementor-element-2818413 elementor-widget elementor-widget-heading\" data-id=\"2818413\" data-element_type=\"widget\" data-e-type=\"widget\" data-widget_type=\"heading.default\">\n\t\t\t\t\t<h2 class=\"elementor-heading-title elementor-size-default\">Reparaci\u00f3n el\u00e9ctrica<\/h2>\t\t\t\t<\/div>\n\t\t\t\t<div class=\"elementor-element elementor-element-239a4ff elementor-widget elementor-widget-image\" data-id=\"239a4ff\" data-element_type=\"widget\" data-e-type=\"widget\" data-widget_type=\"image.default\">\n\t\t\t\t\t\t\t\t\t\t\t\t\t\t\t<img decoding=\"async\" width=\"2000\" height=\"1335\" src=\"https:\/\/josevicenterosellotaberner.es\/wp-content\/uploads\/2026\/04\/2837.jpg\" class=\"attachment-full size-full wp-image-211\" alt=\"\" srcset=\"https:\/\/josevicenterosellotaberner.es\/wp-content\/uploads\/2026\/04\/2837.jpg 2000w, https:\/\/josevicenterosellotaberner.es\/wp-content\/uploads\/2026\/04\/2837-300x200.jpg 300w, https:\/\/josevicenterosellotaberner.es\/wp-content\/uploads\/2026\/04\/2837-1024x684.jpg 1024w, https:\/\/josevicenterosellotaberner.es\/wp-content\/uploads\/2026\/04\/2837-768x513.jpg 768w, https:\/\/josevicenterosellotaberner.es\/wp-content\/uploads\/2026\/04\/2837-1536x1025.jpg 1536w, https:\/\/josevicenterosellotaberner.es\/wp-content\/uploads\/2026\/04\/2837-18x12.jpg 18w\" sizes=\"(max-width: 2000px) 100vw, 2000px\" \/>\t\t\t\t\t\t\t\t\t\t\t\t\t\t\t<\/div>\n\t\t\t\t<div class=\"elementor-element elementor-element-26470cf elementor-widget elementor-widget-text-editor\" data-id=\"26470cf\" data-element_type=\"widget\" data-e-type=\"widget\" data-widget_type=\"text-editor.default\">\n\t\t\t\t\t\t\t\t\t<p>Diagn\u00f3stico y reparaci\u00f3n de fallos el\u00e9ctricos, restableciendo el servicio de manera r\u00e1pida y segura.<\/p>\t\t\t\t\t\t\t\t<\/div>\n\t\t\t\t<\/div>\n\t\t<div class=\"elementor-element elementor-element-9e4c3ee e-con-full e-flex e-con e-child\" data-id=\"9e4c3ee\" data-element_type=\"container\" data-e-type=\"container\">\n\t\t\t\t<div class=\"elementor-element elementor-element-bf9c438 elementor-widget elementor-widget-heading\" data-id=\"bf9c438\" data-element_type=\"widget\" data-e-type=\"widget\" data-widget_type=\"heading.default\">\n\t\t\t\t\t<h2 class=\"elementor-heading-title elementor-size-default\">Antenas de TV<\/h2>\t\t\t\t<\/div>\n\t\t\t\t<div class=\"elementor-element elementor-element-c556473 elementor-widget elementor-widget-image\" data-id=\"c556473\" data-element_type=\"widget\" data-e-type=\"widget\" data-widget_type=\"image.default\">\n\t\t\t\t\t\t\t\t\t\t\t\t\t\t\t<img loading=\"lazy\" decoding=\"async\" width=\"800\" height=\"534\" src=\"https:\/\/josevicenterosellotaberner.es\/wp-content\/uploads\/2026\/04\/4623-1024x683.jpg\" class=\"attachment-large size-large wp-image-212\" alt=\"\" srcset=\"https:\/\/josevicenterosellotaberner.es\/wp-content\/uploads\/2026\/04\/4623-1024x683.jpg 1024w, https:\/\/josevicenterosellotaberner.es\/wp-content\/uploads\/2026\/04\/4623-300x200.jpg 300w, https:\/\/josevicenterosellotaberner.es\/wp-content\/uploads\/2026\/04\/4623-768x512.jpg 768w, https:\/\/josevicenterosellotaberner.es\/wp-content\/uploads\/2026\/04\/4623-1536x1025.jpg 1536w, https:\/\/josevicenterosellotaberner.es\/wp-content\/uploads\/2026\/04\/4623-18x12.jpg 18w, https:\/\/josevicenterosellotaberner.es\/wp-content\/uploads\/2026\/04\/4623.jpg 2000w\" sizes=\"(max-width: 800px) 100vw, 800px\" \/>\t\t\t\t\t\t\t\t\t\t\t\t\t\t\t<\/div>\n\t\t\t\t<div class=\"elementor-element elementor-element-561e7cc elementor-widget elementor-widget-text-editor\" data-id=\"561e7cc\" data-element_type=\"widget\" data-e-type=\"widget\" data-widget_type=\"text-editor.default\">\n\t\t\t\t\t\t\t\t\t<p>Instalaci\u00f3n de antenas terrestres y satelitales para recibir se\u00f1ales de TV con calidad y sin interrupciones.<\/p>\t\t\t\t\t\t\t\t<\/div>\n\t\t\t\t<\/div>\n\t\t\t\t\t<\/div>\n\t\t\t\t<\/div>\n\t\t<div class=\"elementor-element elementor-element-9222cc1 e-flex e-con-boxed e-con e-parent\" data-id=\"9222cc1\" data-element_type=\"container\" data-e-type=\"container\" data-settings=\"{&quot;background_background&quot;:&quot;classic&quot;}\">\n\t\t\t\t\t<div class=\"e-con-inner\">\n\t\t\t\t<div class=\"elementor-element elementor-element-e1aaf0f elementor-widget elementor-widget-heading\" data-id=\"e1aaf0f\" data-element_type=\"widget\" data-e-type=\"widget\" data-widget_type=\"heading.default\">\n\t\t\t\t\t<h2 class=\"elementor-heading-title elementor-size-default\">Para una soluci\u00f3n r\u00e1pida y segura, \u00a1cont\u00e1ctanos ya! Estamos listos para ayudarte.<\/h2>\t\t\t\t<\/div>\n\t\t\t\t<div class=\"elementor-element elementor-element-1b6531a elementor-widget elementor-widget-button\" data-id=\"1b6531a\" data-element_type=\"widget\" data-e-type=\"widget\" data-widget_type=\"button.default\">\n\t\t\t\t\t\t\t\t\t\t<a class=\"elementor-button elementor-button-link elementor-size-sm\" href=\"\/ca\/contacto\/\">\n\t\t\t\t\t\t<span class=\"elementor-button-content-wrapper\">\n\t\t\t\t\t\t\t\t\t<span class=\"elementor-button-text\">Cont\u00e1ctanos<\/span>\n\t\t\t\t\t<\/span>\n\t\t\t\t\t<\/a>\n\t\t\t\t\t\t\t\t<\/div>\n\t\t\t\t\t<\/div>\n\t\t\t\t<\/div>\n\t\t\t\t<\/div>","protected":false},"excerpt":{"rendered":"<p>Nuestros servicios Instalaci\u00f3n el\u00e9ctrica &#8211; Reparaci\u00f3n el\u00e9ctrica &#8211; Porteros el\u00e9ctricos &#8211; Antenas de TV Instalaci\u00f3n el\u00e9ctrica Instalaci\u00f3n de sistemas el\u00e9ctricos en nuevas construcciones y renovaciones, garantizando eficiencia y seguridad. Porteros el\u00e9ctricos Instalaci\u00f3n de porteros autom\u00e1ticos o videoporteros para facilitar la comunicaci\u00f3n y control de acceso. Reparaci\u00f3n el\u00e9ctrica Diagn\u00f3stico y reparaci\u00f3n de fallos el\u00e9ctricos, restableciendo el [&hellip;]<\/p>\n","protected":false},"author":1,"featured_media":0,"parent":0,"menu_order":0,"comment_status":"closed","ping_status":"closed","template":"elementor_canvas","meta":{"footnotes":""},"class_list":["post-11","page","type-page","status-publish","hentry"],"yoast_head":"<!-- This site is optimized with the Yoast SEO plugin v27.3 - https:\/\/yoast.com\/product\/yoast-seo-wordpress\/ -->\n<title>Servicios - Jos\u00e9 Vicente Rosello Taberner<\/title>\n<meta name=\"robots\" content=\"index, follow, max-snippet:-1, max-image-preview:large, max-video-preview:-1\" \/>\n<link rel=\"canonical\" href=\"https:\/\/josevicenterosellotaberner.es\/ca\/servicios\/\" \/>\n<meta property=\"og:locale\" content=\"ca_ES\" \/>\n<meta property=\"og:type\" content=\"article\" \/>\n<meta property=\"og:title\" content=\"Servicios - Jos\u00e9 Vicente Rosello Taberner\" \/>\n<meta property=\"og:description\" content=\"Nuestros servicios Instalaci\u00f3n el\u00e9ctrica &#8211; Reparaci\u00f3n el\u00e9ctrica &#8211; Porteros el\u00e9ctricos &#8211; Antenas de TV Instalaci\u00f3n el\u00e9ctrica Instalaci\u00f3n de sistemas el\u00e9ctricos en nuevas construcciones y renovaciones, garantizando eficiencia y seguridad. Porteros el\u00e9ctricos Instalaci\u00f3n de porteros autom\u00e1ticos o videoporteros para facilitar la comunicaci\u00f3n y control de acceso. Reparaci\u00f3n el\u00e9ctrica Diagn\u00f3stico y reparaci\u00f3n de fallos el\u00e9ctricos, restableciendo el [&hellip;]\" \/>\n<meta property=\"og:url\" content=\"https:\/\/josevicenterosellotaberner.es\/ca\/servicios\/\" \/>\n<meta property=\"og:site_name\" content=\"Jos\u00e9 Vicente Rosello Taberner\" \/>\n<meta property=\"article:modified_time\" content=\"2026-04-10T09:50:59+00:00\" \/>\n<meta property=\"og:image\" content=\"https:\/\/josevicenterosellotaberner.es\/wp-content\/uploads\/2026\/04\/15086.jpg\" \/>\n<meta name=\"twitter:card\" content=\"summary_large_image\" \/>\n<meta name=\"twitter:label1\" content=\"Temps estimat de lectura\" \/>\n\t<meta name=\"twitter:data1\" content=\"1 minut\" \/>\n<script type=\"application\/ld+json\" class=\"yoast-schema-graph\">{\"@context\":\"https:\\\/\\\/schema.org\",\"@graph\":[{\"@type\":\"WebPage\",\"@id\":\"https:\\\/\\\/josevicenterosellotaberner.es\\\/servicios\\\/\",\"url\":\"https:\\\/\\\/josevicenterosellotaberner.es\\\/servicios\\\/\",\"name\":\"Servicios - Jos\u00e9 Vicente Rosello Taberner\",\"isPartOf\":{\"@id\":\"https:\\\/\\\/josevicenterosellotaberner.es\\\/#website\"},\"primaryImageOfPage\":{\"@id\":\"https:\\\/\\\/josevicenterosellotaberner.es\\\/servicios\\\/#primaryimage\"},\"image\":{\"@id\":\"https:\\\/\\\/josevicenterosellotaberner.es\\\/servicios\\\/#primaryimage\"},\"thumbnailUrl\":\"https:\\\/\\\/josevicenterosellotaberner.es\\\/wp-content\\\/uploads\\\/2026\\\/04\\\/15086.jpg\",\"datePublished\":\"2026-04-09T15:52:29+00:00\",\"dateModified\":\"2026-04-10T09:50:59+00:00\",\"breadcrumb\":{\"@id\":\"https:\\\/\\\/josevicenterosellotaberner.es\\\/servicios\\\/#breadcrumb\"},\"inLanguage\":\"ca\",\"potentialAction\":[{\"@type\":\"ReadAction\",\"target\":[\"https:\\\/\\\/josevicenterosellotaberner.es\\\/servicios\\\/\"]}]},{\"@type\":\"ImageObject\",\"inLanguage\":\"ca\",\"@id\":\"https:\\\/\\\/josevicenterosellotaberner.es\\\/servicios\\\/#primaryimage\",\"url\":\"https:\\\/\\\/josevicenterosellotaberner.es\\\/wp-content\\\/uploads\\\/2026\\\/04\\\/15086.jpg\",\"contentUrl\":\"https:\\\/\\\/josevicenterosellotaberner.es\\\/wp-content\\\/uploads\\\/2026\\\/04\\\/15086.jpg\"},{\"@type\":\"BreadcrumbList\",\"@id\":\"https:\\\/\\\/josevicenterosellotaberner.es\\\/servicios\\\/#breadcrumb\",\"itemListElement\":[{\"@type\":\"ListItem\",\"position\":1,\"name\":\"Portada\",\"item\":\"https:\\\/\\\/josevicenterosellotaberner.es\\\/\"},{\"@type\":\"ListItem\",\"position\":2,\"name\":\"Servicios\"}]},{\"@type\":\"WebSite\",\"@id\":\"https:\\\/\\\/josevicenterosellotaberner.es\\\/#website\",\"url\":\"https:\\\/\\\/josevicenterosellotaberner.es\\\/\",\"name\":\"Jos\u00e9 Vicente Rosello Taberner\",\"description\":\"\",\"publisher\":{\"@id\":\"https:\\\/\\\/josevicenterosellotaberner.es\\\/#organization\"},\"potentialAction\":[{\"@type\":\"SearchAction\",\"target\":{\"@type\":\"EntryPoint\",\"urlTemplate\":\"https:\\\/\\\/josevicenterosellotaberner.es\\\/?s={search_term_string}\"},\"query-input\":{\"@type\":\"PropertyValueSpecification\",\"valueRequired\":true,\"valueName\":\"search_term_string\"}}],\"inLanguage\":\"ca\"},{\"@type\":\"Organization\",\"@id\":\"https:\\\/\\\/josevicenterosellotaberner.es\\\/#organization\",\"name\":\"Jos\u00e9 Vicente Rosello Taberner\",\"url\":\"https:\\\/\\\/josevicenterosellotaberner.es\\\/\",\"logo\":{\"@type\":\"ImageObject\",\"inLanguage\":\"ca\",\"@id\":\"https:\\\/\\\/josevicenterosellotaberner.es\\\/#\\\/schema\\\/logo\\\/image\\\/\",\"url\":\"https:\\\/\\\/josevicenterosellotaberner.es\\\/wp-content\\\/uploads\\\/2026\\\/04\\\/josevicenterosello202511b_logo_web.jpg\",\"contentUrl\":\"https:\\\/\\\/josevicenterosellotaberner.es\\\/wp-content\\\/uploads\\\/2026\\\/04\\\/josevicenterosello202511b_logo_web.jpg\",\"width\":1080,\"height\":200,\"caption\":\"Jos\u00e9 Vicente Rosello Taberner\"},\"image\":{\"@id\":\"https:\\\/\\\/josevicenterosellotaberner.es\\\/#\\\/schema\\\/logo\\\/image\\\/\"}}]}<\/script>\n<!-- \/ Yoast SEO plugin. -->","yoast_head_json":{"title":"Servicios - Jos\u00e9 Vicente Rosello Taberner","robots":{"index":"index","follow":"follow","max-snippet":"max-snippet:-1","max-image-preview":"max-image-preview:large","max-video-preview":"max-video-preview:-1"},"canonical":"https:\/\/josevicenterosellotaberner.es\/ca\/servicios\/","og_locale":"ca_ES","og_type":"article","og_title":"Servicios - Jos\u00e9 Vicente Rosello Taberner","og_description":"Nuestros servicios Instalaci\u00f3n el\u00e9ctrica &#8211; Reparaci\u00f3n el\u00e9ctrica &#8211; Porteros el\u00e9ctricos &#8211; Antenas de TV Instalaci\u00f3n el\u00e9ctrica Instalaci\u00f3n de sistemas el\u00e9ctricos en nuevas construcciones y renovaciones, garantizando eficiencia y seguridad. Porteros el\u00e9ctricos Instalaci\u00f3n de porteros autom\u00e1ticos o videoporteros para facilitar la comunicaci\u00f3n y control de acceso. Reparaci\u00f3n el\u00e9ctrica Diagn\u00f3stico y reparaci\u00f3n de fallos el\u00e9ctricos, restableciendo el [&hellip;]","og_url":"https:\/\/josevicenterosellotaberner.es\/ca\/servicios\/","og_site_name":"Jos\u00e9 Vicente Rosello Taberner","article_modified_time":"2026-04-10T09:50:59+00:00","og_image":[{"url":"https:\/\/josevicenterosellotaberner.es\/wp-content\/uploads\/2026\/04\/15086.jpg","type":"","width":"","height":""}],"twitter_card":"summary_large_image","twitter_misc":{"Temps estimat de lectura":"1 minut"},"schema":{"@context":"https:\/\/schema.org","@graph":[{"@type":"WebPage","@id":"https:\/\/josevicenterosellotaberner.es\/servicios\/","url":"https:\/\/josevicenterosellotaberner.es\/servicios\/","name":"Servicios - Jos\u00e9 Vicente Rosello Taberner","isPartOf":{"@id":"https:\/\/josevicenterosellotaberner.es\/#website"},"primaryImageOfPage":{"@id":"https:\/\/josevicenterosellotaberner.es\/servicios\/#primaryimage"},"image":{"@id":"https:\/\/josevicenterosellotaberner.es\/servicios\/#primaryimage"},"thumbnailUrl":"https:\/\/josevicenterosellotaberner.es\/wp-content\/uploads\/2026\/04\/15086.jpg","datePublished":"2026-04-09T15:52:29+00:00","dateModified":"2026-04-10T09:50:59+00:00","breadcrumb":{"@id":"https:\/\/josevicenterosellotaberner.es\/servicios\/#breadcrumb"},"inLanguage":"ca","potentialAction":[{"@type":"ReadAction","target":["https:\/\/josevicenterosellotaberner.es\/servicios\/"]}]},{"@type":"ImageObject","inLanguage":"ca","@id":"https:\/\/josevicenterosellotaberner.es\/servicios\/#primaryimage","url":"https:\/\/josevicenterosellotaberner.es\/wp-content\/uploads\/2026\/04\/15086.jpg","contentUrl":"https:\/\/josevicenterosellotaberner.es\/wp-content\/uploads\/2026\/04\/15086.jpg"},{"@type":"BreadcrumbList","@id":"https:\/\/josevicenterosellotaberner.es\/servicios\/#breadcrumb","itemListElement":[{"@type":"ListItem","position":1,"name":"Portada","item":"https:\/\/josevicenterosellotaberner.es\/"},{"@type":"ListItem","position":2,"name":"Servicios"}]},{"@type":"WebSite","@id":"https:\/\/josevicenterosellotaberner.es\/#website","url":"https:\/\/josevicenterosellotaberner.es\/","name":"Jos\u00e9 Vicente Rosello Taberner","description":"","publisher":{"@id":"https:\/\/josevicenterosellotaberner.es\/#organization"},"potentialAction":[{"@type":"SearchAction","target":{"@type":"EntryPoint","urlTemplate":"https:\/\/josevicenterosellotaberner.es\/?s={search_term_string}"},"query-input":{"@type":"PropertyValueSpecification","valueRequired":true,"valueName":"search_term_string"}}],"inLanguage":"ca"},{"@type":"Organization","@id":"https:\/\/josevicenterosellotaberner.es\/#organization","name":"Jos\u00e9 Vicente Rosello Taberner","url":"https:\/\/josevicenterosellotaberner.es\/","logo":{"@type":"ImageObject","inLanguage":"ca","@id":"https:\/\/josevicenterosellotaberner.es\/#\/schema\/logo\/image\/","url":"https:\/\/josevicenterosellotaberner.es\/wp-content\/uploads\/2026\/04\/josevicenterosello202511b_logo_web.jpg","contentUrl":"https:\/\/josevicenterosellotaberner.es\/wp-content\/uploads\/2026\/04\/josevicenterosello202511b_logo_web.jpg","width":1080,"height":200,"caption":"Jos\u00e9 Vicente Rosello Taberner"},"image":{"@id":"https:\/\/josevicenterosellotaberner.es\/#\/schema\/logo\/image\/"}}]}},"_links":{"self":[{"href":"https:\/\/josevicenterosellotaberner.es\/ca\/wp-json\/wp\/v2\/pages\/11","targetHints":{"allow":["GET"]}}],"collection":[{"href":"https:\/\/josevicenterosellotaberner.es\/ca\/wp-json\/wp\/v2\/pages"}],"about":[{"href":"https:\/\/josevicenterosellotaberner.es\/ca\/wp-json\/wp\/v2\/types\/page"}],"author":[{"embeddable":true,"href":"https:\/\/josevicenterosellotaberner.es\/ca\/wp-json\/wp\/v2\/users\/1"}],"replies":[{"embeddable":true,"href":"https:\/\/josevicenterosellotaberner.es\/ca\/wp-json\/wp\/v2\/comments?post=11"}],"version-history":[{"count":67,"href":"https:\/\/josevicenterosellotaberner.es\/ca\/wp-json\/wp\/v2\/pages\/11\/revisions"}],"predecessor-version":[{"id":264,"href":"https:\/\/josevicenterosellotaberner.es\/ca\/wp-json\/wp\/v2\/pages\/11\/revisions\/264"}],"wp:attachment":[{"href":"https:\/\/josevicenterosellotaberner.es\/ca\/wp-json\/wp\/v2\/media?parent=11"}],"curies":[{"name":"wp","href":"https:\/\/api.w.org\/{rel}","templated":true}]}}