{"id":9,"date":"2026-04-09T15:50:10","date_gmt":"2026-04-09T15:50:10","guid":{"rendered":"https:\/\/jvrtelec.com.rkinformatika.online\/?page_id=9"},"modified":"2026-04-10T11:46:51","modified_gmt":"2026-04-10T11:46:51","slug":"inicio","status":"publish","type":"page","link":"https:\/\/josevicenterosellotaberner.es\/ca\/","title":{"rendered":"Inicio"},"content":{"rendered":"<div data-elementor-type=\"wp-page\" data-elementor-id=\"9\" class=\"elementor elementor-9\" data-elementor-post-type=\"page\">\n\t\t\t\t<div class=\"elementor-element elementor-element-9297323 e-flex e-con-boxed e-con e-parent\" data-id=\"9297323\" data-element_type=\"container\" data-e-type=\"container\" data-settings=\"{&quot;background_background&quot;:&quot;classic&quot;}\">\n\t\t\t\t\t<div class=\"e-con-inner\">\n\t\t\t\t<div class=\"elementor-element elementor-element-e5e7200 elementor-invisible elementor-widget elementor-widget-heading\" data-id=\"e5e7200\" data-element_type=\"widget\" data-e-type=\"widget\" data-settings=\"{&quot;_animation&quot;:&quot;fadeInUp&quot;}\" data-widget_type=\"heading.default\">\n\t\t\t\t\t<h2 class=\"elementor-heading-title elementor-size-default\">Jos\u00e9 Vicente Rosello Taberner<\/h2>\t\t\t\t<\/div>\n\t\t\t\t<div class=\"elementor-element elementor-element-b73d774 elementor-invisible elementor-widget elementor-widget-heading\" data-id=\"b73d774\" data-element_type=\"widget\" data-e-type=\"widget\" data-settings=\"{&quot;_animation&quot;:&quot;fadeInUp&quot;}\" data-widget_type=\"heading.default\">\n\t\t\t\t\t<h2 class=\"elementor-heading-title elementor-size-default\">M\u00e9s de 30 anys d'experi\u00e8ncia en serveis el\u00e8ctrics de confian\u00e7a<\/h2>\t\t\t\t<\/div>\n\t\t\t\t\t<\/div>\n\t\t\t\t<\/div>\n\t\t<div class=\"elementor-element elementor-element-bd40e6f e-flex e-con-boxed e-con e-parent\" data-id=\"bd40e6f\" data-element_type=\"container\" data-e-type=\"container\">\n\t\t\t\t\t<div class=\"e-con-inner\">\n\t\t<div class=\"elementor-element elementor-element-85ba114 e-con-full e-flex elementor-invisible e-con e-child\" data-id=\"85ba114\" data-element_type=\"container\" data-e-type=\"container\" data-settings=\"{&quot;animation&quot;:&quot;fadeInUp&quot;}\">\n\t\t\t\t<div class=\"elementor-element elementor-element-3d820dc elementor-widget elementor-widget-heading\" data-id=\"3d820dc\" data-element_type=\"widget\" data-e-type=\"widget\" data-widget_type=\"heading.default\">\n\t\t\t\t\t<h2 class=\"elementor-heading-title elementor-size-default\">Sobre Jos\u00e9 Vicente Rosello Taberner<\/h2>\t\t\t\t<\/div>\n\t\t\t\t<div class=\"elementor-element elementor-element-894cdfd elementor-widget elementor-widget-text-editor\" data-id=\"894cdfd\" data-element_type=\"widget\" data-e-type=\"widget\" data-widget_type=\"text-editor.default\">\n\t\t\t\t\t\t\t\t\t<p>\u00e9s un electricista amb m\u00e9s de 30 anys d'experi\u00e8ncia al sector, especialitzat en instal\u00b7lacions d'antenes de televisi\u00f3 i porters el\u00e8ctrics. Des del 1994, ha brindat als seus clients solucions eficients i d'alta qualitat, adaptant-se sempre a les darreres tecnologies i oferint un servei professional, r\u00e0pid i fiable.\u00a0<\/p>\t\t\t\t\t\t\t\t<\/div>\n\t\t\t\t<\/div>\n\t\t<div class=\"elementor-element elementor-element-f182999 e-con-full e-flex elementor-invisible e-con e-child\" data-id=\"f182999\" data-element_type=\"container\" data-e-type=\"container\" data-settings=\"{&quot;animation&quot;:&quot;fadeInUp&quot;}\">\n\t\t\t\t<div class=\"elementor-element elementor-element-8768dc3 elementor-widget elementor-widget-image\" data-id=\"8768dc3\" data-element_type=\"widget\" data-e-type=\"widget\" data-widget_type=\"image.default\">\n\t\t\t\t\t\t\t\t\t\t\t\t\t\t\t<img fetchpriority=\"high\" decoding=\"async\" width=\"800\" height=\"533\" src=\"https:\/\/josevicenterosellotaberner.es\/wp-content\/uploads\/2026\/04\/26214-1024x682.jpg\" class=\"attachment-large size-large wp-image-274\" alt=\"\" srcset=\"https:\/\/josevicenterosellotaberner.es\/wp-content\/uploads\/2026\/04\/26214-1024x682.jpg 1024w, https:\/\/josevicenterosellotaberner.es\/wp-content\/uploads\/2026\/04\/26214-300x200.jpg 300w, https:\/\/josevicenterosellotaberner.es\/wp-content\/uploads\/2026\/04\/26214-768x512.jpg 768w, https:\/\/josevicenterosellotaberner.es\/wp-content\/uploads\/2026\/04\/26214-1536x1024.jpg 1536w, https:\/\/josevicenterosellotaberner.es\/wp-content\/uploads\/2026\/04\/26214-18x12.jpg 18w, https:\/\/josevicenterosellotaberner.es\/wp-content\/uploads\/2026\/04\/26214.jpg 2000w\" sizes=\"(max-width: 800px) 100vw, 800px\" \/>\t\t\t\t\t\t\t\t\t\t\t\t\t\t\t<\/div>\n\t\t\t\t<\/div>\n\t\t\t\t\t<\/div>\n\t\t\t\t<\/div>\n\t\t<div class=\"elementor-element elementor-element-7450856 e-flex e-con-boxed e-con e-parent\" data-id=\"7450856\" data-element_type=\"container\" data-e-type=\"container\">\n\t\t\t\t\t<div class=\"e-con-inner\">\n\t\t<div class=\"elementor-element elementor-element-2d2ff80 e-con-full e-flex elementor-invisible e-con e-child\" data-id=\"2d2ff80\" data-element_type=\"container\" data-e-type=\"container\" data-settings=\"{&quot;animation&quot;:&quot;fadeInUp&quot;}\">\n\t\t\t\t<div class=\"elementor-element elementor-element-2dbc34e elementor-widget elementor-widget-heading\" data-id=\"2dbc34e\" data-element_type=\"widget\" data-e-type=\"widget\" data-widget_type=\"heading.default\">\n\t\t\t\t\t<h2 class=\"elementor-heading-title elementor-size-default\">Un Referent en Instal\u00b7laci\u00f3 i Manteniment El\u00e8ctric amb m\u00e9s de 30 anys d'experi\u00e8ncia<\/h2>\t\t\t\t<\/div>\n\t\t\t\t<div class=\"elementor-element elementor-element-a43bf34 elementor-widget elementor-widget-text-editor\" data-id=\"a43bf34\" data-element_type=\"widget\" data-e-type=\"widget\" data-widget_type=\"text-editor.default\">\n\t\t\t\t\t\t\t\t\t<p>\u00a0La seva \u00e0mplia traject\u00f2ria al sector li ha perm\u00e8s consolidar-se com un referent en la instal\u00b7laci\u00f3 i manteniment de sistemes el\u00e8ctrics, garantint sempre la satisfacci\u00f3 dels qui confien en la seva experi\u00e8ncia.<\/p>\t\t\t\t\t\t\t\t<\/div>\n\t\t\t\t<\/div>\n\t\t<div class=\"elementor-element elementor-element-3145757 e-con-full e-flex elementor-invisible e-con e-child\" data-id=\"3145757\" data-element_type=\"container\" data-e-type=\"container\" data-settings=\"{&quot;animation&quot;:&quot;fadeInUp&quot;}\">\n\t\t\t\t<div class=\"elementor-element elementor-element-12e0890 elementor-widget elementor-widget-image\" data-id=\"12e0890\" data-element_type=\"widget\" data-e-type=\"widget\" data-widget_type=\"image.default\">\n\t\t\t\t\t\t\t\t\t\t\t\t\t\t\t<img decoding=\"async\" width=\"2000\" height=\"1335\" src=\"https:\/\/josevicenterosellotaberner.es\/wp-content\/uploads\/2026\/04\/2147743122.jpg\" class=\"attachment-full size-full wp-image-351\" alt=\"\" srcset=\"https:\/\/josevicenterosellotaberner.es\/wp-content\/uploads\/2026\/04\/2147743122.jpg 2000w, https:\/\/josevicenterosellotaberner.es\/wp-content\/uploads\/2026\/04\/2147743122-300x200.jpg 300w, https:\/\/josevicenterosellotaberner.es\/wp-content\/uploads\/2026\/04\/2147743122-1024x684.jpg 1024w, https:\/\/josevicenterosellotaberner.es\/wp-content\/uploads\/2026\/04\/2147743122-768x513.jpg 768w, https:\/\/josevicenterosellotaberner.es\/wp-content\/uploads\/2026\/04\/2147743122-1536x1025.jpg 1536w, https:\/\/josevicenterosellotaberner.es\/wp-content\/uploads\/2026\/04\/2147743122-18x12.jpg 18w\" sizes=\"(max-width: 2000px) 100vw, 2000px\" \/>\t\t\t\t\t\t\t\t\t\t\t\t\t\t\t<\/div>\n\t\t\t\t<\/div>\n\t\t\t\t\t<\/div>\n\t\t\t\t<\/div>\n\t\t<div class=\"elementor-element elementor-element-a2da4ee e-flex e-con-boxed e-con e-parent\" data-id=\"a2da4ee\" data-element_type=\"container\" data-e-type=\"container\" data-settings=\"{&quot;background_background&quot;:&quot;classic&quot;}\">\n\t\t\t\t\t<div class=\"e-con-inner\">\n\t\t\t\t<div class=\"elementor-element elementor-element-e7c6a16 elementor-widget elementor-widget-heading\" data-id=\"e7c6a16\" data-element_type=\"widget\" data-e-type=\"widget\" data-widget_type=\"heading.default\">\n\t\t\t\t\t<h2 class=\"elementor-heading-title elementor-size-default\">Instal\u00b7lacions i reparacions el\u00e8ctriques a la teva mida<\/h2>\t\t\t\t<\/div>\n\t\t\t\t<div class=\"elementor-element elementor-element-a4c9405 elementor-widget elementor-widget-button\" data-id=\"a4c9405\" data-element_type=\"widget\" data-e-type=\"widget\" data-widget_type=\"button.default\">\n\t\t\t\t\t\t\t\t\t\t<a class=\"elementor-button elementor-button-link elementor-size-sm\" href=\"\/ca\/servicios\/\">\n\t\t\t\t\t\t<span class=\"elementor-button-content-wrapper\">\n\t\t\t\t\t\t\t\t\t<span class=\"elementor-button-text\">Veure serveis<\/span>\n\t\t\t\t\t<\/span>\n\t\t\t\t\t<\/a>\n\t\t\t\t\t\t\t\t<\/div>\n\t\t\t\t\t<\/div>\n\t\t\t\t<\/div>\n\t\t\t\t<\/div>","protected":false},"excerpt":{"rendered":"<p>Jos\u00e9 Vicente Rosello Taberner M\u00e1s de 30 A\u00f1os de Experiencia en Servicios El\u00e9ctricos de Confianza Sobre Jos\u00e9 Vicente Rosello Taberner es un electricista con m\u00e1s de 30 a\u00f1os de experiencia en el sector, especializado en instalaciones de antenas de televisi\u00f3n y porteros el\u00e9ctricos. Desde 1994, ha brindado a sus clientes soluciones eficientes y de alta [&hellip;]<\/p>\n","protected":false},"author":1,"featured_media":0,"parent":0,"menu_order":0,"comment_status":"closed","ping_status":"closed","template":"elementor_canvas","meta":{"footnotes":""},"class_list":["post-9","page","type-page","status-publish","hentry"],"yoast_head":"<!-- This site is optimized with the Yoast SEO plugin v27.3 - https:\/\/yoast.com\/product\/yoast-seo-wordpress\/ -->\n<title>Inicio - Jos\u00e9 Vicente Rosello Taberner<\/title>\n<meta name=\"robots\" content=\"index, follow, max-snippet:-1, max-image-preview:large, max-video-preview:-1\" \/>\n<link rel=\"canonical\" href=\"https:\/\/josevicenterosellotaberner.es\/ca\/\" \/>\n<meta property=\"og:locale\" content=\"ca_ES\" \/>\n<meta property=\"og:type\" content=\"article\" \/>\n<meta property=\"og:title\" content=\"Inicio - Jos\u00e9 Vicente Rosello Taberner\" \/>\n<meta property=\"og:description\" content=\"Jos\u00e9 Vicente Rosello Taberner M\u00e1s de 30 A\u00f1os de Experiencia en Servicios El\u00e9ctricos de Confianza Sobre Jos\u00e9 Vicente Rosello Taberner es un electricista con m\u00e1s de 30 a\u00f1os de experiencia en el sector, especializado en instalaciones de antenas de televisi\u00f3n y porteros el\u00e9ctricos. Desde 1994, ha brindado a sus clientes soluciones eficientes y de alta [&hellip;]\" \/>\n<meta property=\"og:url\" content=\"https:\/\/josevicenterosellotaberner.es\/ca\/\" \/>\n<meta property=\"og:site_name\" content=\"Jos\u00e9 Vicente Rosello Taberner\" \/>\n<meta property=\"article:modified_time\" content=\"2026-04-10T11:46:51+00:00\" \/>\n<meta property=\"og:image\" content=\"https:\/\/josevicenterosellotaberner.es\/wp-content\/uploads\/2026\/04\/26214-1024x682.jpg\" \/>\n<meta name=\"twitter:card\" content=\"summary_large_image\" \/>\n<meta name=\"twitter:label1\" content=\"Temps estimat de lectura\" \/>\n\t<meta name=\"twitter:data1\" content=\"1 minut\" \/>\n<script type=\"application\/ld+json\" class=\"yoast-schema-graph\">{\"@context\":\"https:\\\/\\\/schema.org\",\"@graph\":[{\"@type\":\"WebPage\",\"@id\":\"https:\\\/\\\/josevicenterosellotaberner.es\\\/\",\"url\":\"https:\\\/\\\/josevicenterosellotaberner.es\\\/\",\"name\":\"Inicio - Jos\u00e9 Vicente Rosello Taberner\",\"isPartOf\":{\"@id\":\"https:\\\/\\\/josevicenterosellotaberner.es\\\/#website\"},\"primaryImageOfPage\":{\"@id\":\"https:\\\/\\\/josevicenterosellotaberner.es\\\/#primaryimage\"},\"image\":{\"@id\":\"https:\\\/\\\/josevicenterosellotaberner.es\\\/#primaryimage\"},\"thumbnailUrl\":\"https:\\\/\\\/josevicenterosellotaberner.es\\\/wp-content\\\/uploads\\\/2026\\\/04\\\/26214-1024x682.jpg\",\"datePublished\":\"2026-04-09T15:50:10+00:00\",\"dateModified\":\"2026-04-10T11:46:51+00:00\",\"breadcrumb\":{\"@id\":\"https:\\\/\\\/josevicenterosellotaberner.es\\\/#breadcrumb\"},\"inLanguage\":\"ca\",\"potentialAction\":[{\"@type\":\"ReadAction\",\"target\":[\"https:\\\/\\\/josevicenterosellotaberner.es\\\/\"]}]},{\"@type\":\"ImageObject\",\"inLanguage\":\"ca\",\"@id\":\"https:\\\/\\\/josevicenterosellotaberner.es\\\/#primaryimage\",\"url\":\"https:\\\/\\\/josevicenterosellotaberner.es\\\/wp-content\\\/uploads\\\/2026\\\/04\\\/26214-1024x682.jpg\",\"contentUrl\":\"https:\\\/\\\/josevicenterosellotaberner.es\\\/wp-content\\\/uploads\\\/2026\\\/04\\\/26214-1024x682.jpg\"},{\"@type\":\"BreadcrumbList\",\"@id\":\"https:\\\/\\\/josevicenterosellotaberner.es\\\/#breadcrumb\",\"itemListElement\":[{\"@type\":\"ListItem\",\"position\":1,\"name\":\"Portada\",\"item\":\"https:\\\/\\\/josevicenterosellotaberner.es\\\/\"},{\"@type\":\"ListItem\",\"position\":2,\"name\":\"Inicio\"}]},{\"@type\":\"WebSite\",\"@id\":\"https:\\\/\\\/josevicenterosellotaberner.es\\\/#website\",\"url\":\"https:\\\/\\\/josevicenterosellotaberner.es\\\/\",\"name\":\"Jos\u00e9 Vicente Rosello Taberner\",\"description\":\"\",\"publisher\":{\"@id\":\"https:\\\/\\\/josevicenterosellotaberner.es\\\/#organization\"},\"potentialAction\":[{\"@type\":\"SearchAction\",\"target\":{\"@type\":\"EntryPoint\",\"urlTemplate\":\"https:\\\/\\\/josevicenterosellotaberner.es\\\/?s={search_term_string}\"},\"query-input\":{\"@type\":\"PropertyValueSpecification\",\"valueRequired\":true,\"valueName\":\"search_term_string\"}}],\"inLanguage\":\"ca\"},{\"@type\":\"Organization\",\"@id\":\"https:\\\/\\\/josevicenterosellotaberner.es\\\/#organization\",\"name\":\"Jos\u00e9 Vicente Rosello Taberner\",\"url\":\"https:\\\/\\\/josevicenterosellotaberner.es\\\/\",\"logo\":{\"@type\":\"ImageObject\",\"inLanguage\":\"ca\",\"@id\":\"https:\\\/\\\/josevicenterosellotaberner.es\\\/#\\\/schema\\\/logo\\\/image\\\/\",\"url\":\"https:\\\/\\\/josevicenterosellotaberner.es\\\/wp-content\\\/uploads\\\/2026\\\/04\\\/josevicenterosello202511b_logo_web.jpg\",\"contentUrl\":\"https:\\\/\\\/josevicenterosellotaberner.es\\\/wp-content\\\/uploads\\\/2026\\\/04\\\/josevicenterosello202511b_logo_web.jpg\",\"width\":1080,\"height\":200,\"caption\":\"Jos\u00e9 Vicente Rosello Taberner\"},\"image\":{\"@id\":\"https:\\\/\\\/josevicenterosellotaberner.es\\\/#\\\/schema\\\/logo\\\/image\\\/\"}}]}<\/script>\n<!-- \/ Yoast SEO plugin. -->","yoast_head_json":{"title":"Inicio - Jos\u00e9 Vicente Rosello Taberner","robots":{"index":"index","follow":"follow","max-snippet":"max-snippet:-1","max-image-preview":"max-image-preview:large","max-video-preview":"max-video-preview:-1"},"canonical":"https:\/\/josevicenterosellotaberner.es\/ca\/","og_locale":"ca_ES","og_type":"article","og_title":"Inicio - Jos\u00e9 Vicente Rosello Taberner","og_description":"Jos\u00e9 Vicente Rosello Taberner M\u00e1s de 30 A\u00f1os de Experiencia en Servicios El\u00e9ctricos de Confianza Sobre Jos\u00e9 Vicente Rosello Taberner es un electricista con m\u00e1s de 30 a\u00f1os de experiencia en el sector, especializado en instalaciones de antenas de televisi\u00f3n y porteros el\u00e9ctricos. Desde 1994, ha brindado a sus clientes soluciones eficientes y de alta [&hellip;]","og_url":"https:\/\/josevicenterosellotaberner.es\/ca\/","og_site_name":"Jos\u00e9 Vicente Rosello Taberner","article_modified_time":"2026-04-10T11:46:51+00:00","og_image":[{"url":"https:\/\/josevicenterosellotaberner.es\/wp-content\/uploads\/2026\/04\/26214-1024x682.jpg","type":"","width":"","height":""}],"twitter_card":"summary_large_image","twitter_misc":{"Temps estimat de lectura":"1 minut"},"schema":{"@context":"https:\/\/schema.org","@graph":[{"@type":"WebPage","@id":"https:\/\/josevicenterosellotaberner.es\/","url":"https:\/\/josevicenterosellotaberner.es\/","name":"Inicio - Jos\u00e9 Vicente Rosello Taberner","isPartOf":{"@id":"https:\/\/josevicenterosellotaberner.es\/#website"},"primaryImageOfPage":{"@id":"https:\/\/josevicenterosellotaberner.es\/#primaryimage"},"image":{"@id":"https:\/\/josevicenterosellotaberner.es\/#primaryimage"},"thumbnailUrl":"https:\/\/josevicenterosellotaberner.es\/wp-content\/uploads\/2026\/04\/26214-1024x682.jpg","datePublished":"2026-04-09T15:50:10+00:00","dateModified":"2026-04-10T11:46:51+00:00","breadcrumb":{"@id":"https:\/\/josevicenterosellotaberner.es\/#breadcrumb"},"inLanguage":"ca","potentialAction":[{"@type":"ReadAction","target":["https:\/\/josevicenterosellotaberner.es\/"]}]},{"@type":"ImageObject","inLanguage":"ca","@id":"https:\/\/josevicenterosellotaberner.es\/#primaryimage","url":"https:\/\/josevicenterosellotaberner.es\/wp-content\/uploads\/2026\/04\/26214-1024x682.jpg","contentUrl":"https:\/\/josevicenterosellotaberner.es\/wp-content\/uploads\/2026\/04\/26214-1024x682.jpg"},{"@type":"BreadcrumbList","@id":"https:\/\/josevicenterosellotaberner.es\/#breadcrumb","itemListElement":[{"@type":"ListItem","position":1,"name":"Portada","item":"https:\/\/josevicenterosellotaberner.es\/"},{"@type":"ListItem","position":2,"name":"Inicio"}]},{"@type":"WebSite","@id":"https:\/\/josevicenterosellotaberner.es\/#website","url":"https:\/\/josevicenterosellotaberner.es\/","name":"Jos\u00e9 Vicente Rosello Taberner","description":"","publisher":{"@id":"https:\/\/josevicenterosellotaberner.es\/#organization"},"potentialAction":[{"@type":"SearchAction","target":{"@type":"EntryPoint","urlTemplate":"https:\/\/josevicenterosellotaberner.es\/?s={search_term_string}"},"query-input":{"@type":"PropertyValueSpecification","valueRequired":true,"valueName":"search_term_string"}}],"inLanguage":"ca"},{"@type":"Organization","@id":"https:\/\/josevicenterosellotaberner.es\/#organization","name":"Jos\u00e9 Vicente Rosello Taberner","url":"https:\/\/josevicenterosellotaberner.es\/","logo":{"@type":"ImageObject","inLanguage":"ca","@id":"https:\/\/josevicenterosellotaberner.es\/#\/schema\/logo\/image\/","url":"https:\/\/josevicenterosellotaberner.es\/wp-content\/uploads\/2026\/04\/josevicenterosello202511b_logo_web.jpg","contentUrl":"https:\/\/josevicenterosellotaberner.es\/wp-content\/uploads\/2026\/04\/josevicenterosello202511b_logo_web.jpg","width":1080,"height":200,"caption":"Jos\u00e9 Vicente Rosello Taberner"},"image":{"@id":"https:\/\/josevicenterosellotaberner.es\/#\/schema\/logo\/image\/"}}]}},"_links":{"self":[{"href":"https:\/\/josevicenterosellotaberner.es\/ca\/wp-json\/wp\/v2\/pages\/9","targetHints":{"allow":["GET"]}}],"collection":[{"href":"https:\/\/josevicenterosellotaberner.es\/ca\/wp-json\/wp\/v2\/pages"}],"about":[{"href":"https:\/\/josevicenterosellotaberner.es\/ca\/wp-json\/wp\/v2\/types\/page"}],"author":[{"embeddable":true,"href":"https:\/\/josevicenterosellotaberner.es\/ca\/wp-json\/wp\/v2\/users\/1"}],"replies":[{"embeddable":true,"href":"https:\/\/josevicenterosellotaberner.es\/ca\/wp-json\/wp\/v2\/comments?post=9"}],"version-history":[{"count":106,"href":"https:\/\/josevicenterosellotaberner.es\/ca\/wp-json\/wp\/v2\/pages\/9\/revisions"}],"predecessor-version":[{"id":380,"href":"https:\/\/josevicenterosellotaberner.es\/ca\/wp-json\/wp\/v2\/pages\/9\/revisions\/380"}],"wp:attachment":[{"href":"https:\/\/josevicenterosellotaberner.es\/ca\/wp-json\/wp\/v2\/media?parent=9"}],"curies":[{"name":"wp","href":"https:\/\/api.w.org\/{rel}","templated":true}]}}